{"id":749,"date":"2021-12-12T21:00:34","date_gmt":"2021-12-12T21:00:34","guid":{"rendered":"https:\/\/dmp.hu\/egyeb-jogteruletek\/"},"modified":"2025-02-26T21:57:44","modified_gmt":"2025-02-26T21:57:44","slug":"other-fields-of-practice","status":"publish","type":"page","link":"https:\/\/dmp.hu\/en\/other-fields-of-practice\/","title":{"rendered":"Other Fields of Practice"},"content":{"rendered":"<p>[et_pb_section fb_built=&#8221;1&#8243; _builder_version=&#8221;4.16&#8243; _module_preset=&#8221;default&#8221; use_background_color_gradient=&#8221;on&#8221; background_color_gradient_direction=&#8221;-135deg&#8221; background_color_gradient_stops=&#8221;#56a8dd 0%|#194179 100%&#8221; background_color_gradient_start=&#8221;#56a8dd&#8221; background_color_gradient_end=&#8221;#194179&#8243; background_enable_video_mp4=&#8221;off&#8221; background_video_height=&#8221;800&#8243; custom_margin=&#8221;0px||0px||false|false&#8221; custom_padding=&#8221;0px||0px||false|false&#8221; global_colors_info=&#8221;{}&#8221;][et_pb_row use_custom_gutter=&#8221;on&#8221; gutter_width=&#8221;1&#8243; custom_padding_last_edited=&#8221;on|phone&#8221; _builder_version=&#8221;4.16&#8243; _module_preset=&#8221;default&#8221; background_enable_color=&#8221;off&#8221; width=&#8221;100%&#8221; max_width=&#8221;2560px&#8221; custom_margin=&#8221;0px||0px||false|false&#8221; custom_padding=&#8221;50px||50px||false|false&#8221; custom_padding_tablet=&#8221;50px||50px||false|false&#8221; custom_padding_phone=&#8221;50px||50px||false|false&#8221; animation_style=&#8221;fade&#8221; animation_direction=&#8221;left&#8221; global_colors_info=&#8221;{}&#8221;][et_pb_column type=&#8221;4_4&#8243; _builder_version=&#8221;4.16&#8243; _module_preset=&#8221;default&#8221; custom_padding=&#8221;|5%||5%|false|false&#8221; global_colors_info=&#8221;{}&#8221;][et_pb_text _builder_version=&#8221;4.17.6&#8243; _module_preset=&#8221;default&#8221; text_font=&#8221;Roboto|900||on|||||&#8221; text_text_color=&#8221;#FFFFFF&#8221; text_font_size=&#8221;40px&#8221; text_letter_spacing=&#8221;1px&#8221; text_line_height=&#8221;1.1em&#8221; header_font=&#8221;|800||on|||||&#8221; header_text_align=&#8221;center&#8221; header_text_color=&#8221;#FFFFFF&#8221; header_font_size=&#8221;40px&#8221; header_letter_spacing=&#8221;1px&#8221; header_line_height=&#8221;1.1em&#8221; text_orientation=&#8221;center&#8221; max_width=&#8221;800px&#8221; module_alignment=&#8221;center&#8221; animation_style=&#8221;fade&#8221; text_font_size_tablet=&#8221;26px&#8221; text_font_size_phone=&#8221;22px&#8221; text_font_size_last_edited=&#8221;on|phone&#8221; header_font_size_tablet=&#8221;26px&#8221; header_font_size_phone=&#8221;22px&#8221; header_font_size_last_edited=&#8221;on|phone&#8221; global_colors_info=&#8221;{}&#8221;]<\/p>\n<p>Other Fields of Practice<\/p>\n<p>[\/et_pb_text][\/et_pb_column][\/et_pb_row][\/et_pb_section][et_pb_section fb_built=&#8221;1&#8243; admin_label=&#8221;Szakter\u00fcletek&#8221; _builder_version=&#8221;4.16&#8243; _module_preset=&#8221;default&#8221; global_colors_info=&#8221;{}&#8221;][et_pb_row column_structure=&#8221;2_5,3_5&#8243; make_equal=&#8221;on&#8221; disabled_on=&#8221;off|off|off&#8221; module_id=&#8221;aicomliance&#8221; _builder_version=&#8221;4.27.4&#8243; _module_preset=&#8221;default&#8221; custom_margin=&#8221;||40px||false|false&#8221; custom_padding=&#8221;0px||0px||false|false&#8221; hover_enabled=&#8221;0&#8243; border_width_all=&#8221;1px&#8221; border_color_all=&#8221;#d8d8d8&#8243; global_colors_info=&#8221;{}&#8221; custom_css_main_element_last_edited=&#8221;off|desktop&#8221; custom_css_main_element__hover_enabled=&#8221;on|hover&#8221; custom_css_main_element__hover=&#8221;transform: scale(1.05);||transition: 300ms linear;||box-shadow: 6px 6px 18px 0px #d8d8d8;&#8221; sticky_enabled=&#8221;0&#8243;][et_pb_column type=&#8221;2_5&#8243; _builder_version=&#8221;4.27.4&#8243; _module_preset=&#8221;default&#8221; background_image=&#8221;https:\/\/dmp.hu\/wp-content\/uploads\/2025\/02\/AI-megfeleles.jpg&#8221; global_colors_info=&#8221;{}&#8221;][\/et_pb_column][et_pb_column type=&#8221;3_5&#8243; _builder_version=&#8221;4.16&#8243; _module_preset=&#8221;default&#8221; custom_padding=&#8221;2%|2%|2%||false|false&#8221; global_colors_info=&#8221;{}&#8221;][et_pb_text _builder_version=&#8221;4.27.4&#8243; _module_preset=&#8221;default&#8221; header_2_font=&#8221;|700||on|||||&#8221; header_2_text_align=&#8221;left&#8221; header_2_text_color=&#8221;#194179&#8243; header_2_font_size=&#8221;22px&#8221; header_2_letter_spacing=&#8221;1px&#8221; custom_margin=&#8221;||0px||false|false&#8221; hover_enabled=&#8221;0&#8243; header_2_font_size_tablet=&#8221;22px&#8221; header_2_font_size_phone=&#8221;20px&#8221; header_2_font_size_last_edited=&#8221;on|desktop&#8221; global_colors_info=&#8221;{}&#8221; sticky_enabled=&#8221;0&#8243;]<\/p>\n<h2>AI compliance<\/h2>\n<p>[\/et_pb_text][et_pb_text _builder_version=&#8221;4.27.4&#8243; _module_preset=&#8221;default&#8221; text_orientation=&#8221;justified&#8221; global_colors_info=&#8221;{}&#8221;]<\/p>\n<p>We provide a wide range of complex legal support and guidance to organisations using or developing artificial intelligence. We aim to help our clients use and develop their AI systems safely and in compliance with the law. Our services include external expert support for AI compliance programs, the provision of AI Officer services, the preparation of documentation for AI Act compliance, and legal advice on AI developments. We can help your organisation develop a comprehensive AI compliance programme to ensure that your AI systems comply with international and domestic legislation, including the EU AI Act and other relevant regulations. As external experts, we audit and assess your existing processes, make recommendations to fill gaps and support the implementation of compliance processes.<\/p>\n<p>[\/et_pb_text][\/et_pb_column][\/et_pb_row][et_pb_row column_structure=&#8221;2_5,3_5&#8243; make_equal=&#8221;on&#8221; module_id=&#8221;labourlaw&#8221; _builder_version=&#8221;4.17.6&#8243; _module_preset=&#8221;default&#8221; custom_margin=&#8221;||40px||false|false&#8221; custom_padding=&#8221;0px||0px||false|false&#8221; border_width_all=&#8221;1px&#8221; border_color_all=&#8221;#d8d8d8&#8243; global_colors_info=&#8221;{}&#8221; custom_css_main_element_last_edited=&#8221;off|desktop&#8221; custom_css_main_element__hover_enabled=&#8221;on|hover&#8221; custom_css_main_element__hover=&#8221;transform: scale(1.05);||transition: 300ms linear;||box-shadow: 6px 6px 18px 0px #d8d8d8;&#8221;][et_pb_column type=&#8221;2_5&#8243; _builder_version=&#8221;4.16&#8243; _module_preset=&#8221;default&#8221; background_image=&#8221;https:\/\/dmp.hu\/wp-content\/uploads\/2021\/12\/munkajog.jpg&#8221; background_position=&#8221;bottom_left&#8221; global_colors_info=&#8221;{}&#8221;][\/et_pb_column][et_pb_column type=&#8221;3_5&#8243; _builder_version=&#8221;4.16&#8243; _module_preset=&#8221;default&#8221; custom_padding=&#8221;2%|2%|2%||false|false&#8221; global_colors_info=&#8221;{}&#8221;][et_pb_text _builder_version=&#8221;4.17.6&#8243; _module_preset=&#8221;default&#8221; header_2_font=&#8221;|700||on|||||&#8221; header_2_text_align=&#8221;left&#8221; header_2_text_color=&#8221;#194179&#8243; header_2_font_size=&#8221;22px&#8221; header_2_letter_spacing=&#8221;1px&#8221; custom_margin=&#8221;||0px||false|false&#8221; header_2_font_size_tablet=&#8221;22px&#8221; header_2_font_size_phone=&#8221;20px&#8221; header_2_font_size_last_edited=&#8221;on|desktop&#8221; global_colors_info=&#8221;{}&#8221;]<\/p>\n<h2>Labour law<\/h2>\n<p>[\/et_pb_text][et_pb_text _builder_version=&#8221;4.17.6&#8243; _module_preset=&#8221;default&#8221; text_orientation=&#8221;justified&#8221; global_colors_info=&#8221;{}&#8221;]<\/p>\n<p>For employers, we provide effective assistance to the designated employment manager or management by drafting legal documents quickly (in case of termination, employment contract, notices, internal regulations) tailored to the employer&#8217;s needs in every-day, individual situations and by providing personal presence at the employer&#8217;s designated premises to deal with any legal issues that may arise. For employees, we provide detailed information on the consequences of a planned decision or the interpretation of a statement from the employer, drawing our client\u2019s attention to the potential consequences. We are available for both employers and employees in litigation and out-of-court claims in Hungary.<\/p>\n<p>[\/et_pb_text][\/et_pb_column][\/et_pb_row][et_pb_row column_structure=&#8221;2_5,3_5&#8243; make_equal=&#8221;on&#8221; module_id=&#8221;whistleblowing&#8221; _builder_version=&#8221;4.17.6&#8243; _module_preset=&#8221;default&#8221; custom_margin=&#8221;||40px||false|false&#8221; custom_padding=&#8221;0px||0px||false|false&#8221; border_width_all=&#8221;1px&#8221; border_color_all=&#8221;#d8d8d8&#8243; global_colors_info=&#8221;{}&#8221; custom_css_main_element_last_edited=&#8221;off|desktop&#8221; custom_css_main_element__hover_enabled=&#8221;on|hover&#8221; custom_css_main_element__hover=&#8221;transform: scale(1.05);||transition: 300ms linear;||box-shadow: 6px 6px 18px 0px #d8d8d8;&#8221;][et_pb_column type=&#8221;2_5&#8243; _builder_version=&#8221;4.17.6&#8243; _module_preset=&#8221;default&#8221; background_image=&#8221;https:\/\/dmp.hu\/wp-content\/uploads\/2022\/09\/whistleblower.jpg&#8221; global_colors_info=&#8221;{}&#8221;][\/et_pb_column][et_pb_column type=&#8221;3_5&#8243; _builder_version=&#8221;4.16&#8243; _module_preset=&#8221;default&#8221; custom_padding=&#8221;2%|2%|2%||false|false&#8221; global_colors_info=&#8221;{}&#8221;][et_pb_text _builder_version=&#8221;4.17.6&#8243; _module_preset=&#8221;default&#8221; header_2_font=&#8221;|700||on|||||&#8221; header_2_text_align=&#8221;left&#8221; header_2_text_color=&#8221;#194179&#8243; header_2_font_size=&#8221;22px&#8221; header_2_letter_spacing=&#8221;1px&#8221; custom_margin=&#8221;||0px||false|false&#8221; header_2_font_size_tablet=&#8221;22px&#8221; header_2_font_size_phone=&#8221;20px&#8221; header_2_font_size_last_edited=&#8221;on|desktop&#8221; global_colors_info=&#8221;{}&#8221;]<\/p>\n<h2>Whistleblowing lawyer services, whistleblower lawyer-position <\/h2>\n<p>[\/et_pb_text][et_pb_text _builder_version=&#8221;4.27.0&#8243; _module_preset=&#8221;default&#8221; text_orientation=&#8221;justified&#8221; global_colors_info=&#8221;{}&#8221;]<\/p>\n<p>We provide a full range of whistleblower protection and whistleblower lawyer services, including advice on compliance with legal obligations in the area of whistleblowing and the preparation of general and comprehensive documentation, including internal audits, risk assessments and policies.<br \/>We provide a full range of whistleblower protection and whistleblower lawyer services, including advice on compliance with legal obligations in the area of whistleblowing and the preparation of general and comprehensive documentation, including internal audits, risk assessments and policies. We aim to create and maintain a secure environment for whistleblowers, protecting both individuals and organizations by addressing risks proactively and implementing best practices in whistleblower management. As experts in data protection, we understand the critical importance of safeguarding sensitive information throughout the whistleblowing process and integrate data privacy best practices into all of our services.<\/p>\n<p>[\/et_pb_text][\/et_pb_column][\/et_pb_row][et_pb_row column_structure=&#8221;2_5,3_5&#8243; make_equal=&#8221;on&#8221; module_id=&#8221;internetlaw&#8221; _builder_version=&#8221;4.17.6&#8243; _module_preset=&#8221;default&#8221; custom_margin=&#8221;||40px||false|false&#8221; custom_padding=&#8221;0px||0px||false|false&#8221; border_width_all=&#8221;1px&#8221; border_color_all=&#8221;#d8d8d8&#8243; global_colors_info=&#8221;{}&#8221; custom_css_main_element_last_edited=&#8221;off|desktop&#8221; custom_css_main_element__hover_enabled=&#8221;on|hover&#8221; custom_css_main_element__hover=&#8221;transform: scale(1.05);||transition: 300ms linear;||box-shadow: 6px 6px 18px 0px #d8d8d8;&#8221;][et_pb_column type=&#8221;2_5&#8243; _builder_version=&#8221;4.16&#8243; _module_preset=&#8221;default&#8221; background_image=&#8221;https:\/\/dmp.hu\/wp-content\/uploads\/2021\/12\/internetjog.jpg&#8221; global_colors_info=&#8221;{}&#8221;][\/et_pb_column][et_pb_column type=&#8221;3_5&#8243; _builder_version=&#8221;4.16&#8243; _module_preset=&#8221;default&#8221; custom_padding=&#8221;2%|2%|2%||false|false&#8221; global_colors_info=&#8221;{}&#8221;][et_pb_text _builder_version=&#8221;4.17.6&#8243; _module_preset=&#8221;default&#8221; header_2_font=&#8221;|700||on|||||&#8221; header_2_text_align=&#8221;left&#8221; header_2_text_color=&#8221;#194179&#8243; header_2_font_size=&#8221;22px&#8221; header_2_letter_spacing=&#8221;1px&#8221; custom_margin=&#8221;||0px||false|false&#8221; header_2_font_size_tablet=&#8221;22px&#8221; header_2_font_size_phone=&#8221;20px&#8221; header_2_font_size_last_edited=&#8221;on|desktop&#8221; global_colors_info=&#8221;{}&#8221;]<\/p>\n<h2>Internet law \/ Cyber law<\/h2>\n<p>[\/et_pb_text][et_pb_text _builder_version=&#8221;4.17.6&#8243; _module_preset=&#8221;default&#8221; text_orientation=&#8221;justified&#8221; global_colors_info=&#8221;{}&#8221;]<\/p>\n<p>For the legal compliance of websites, the provisions and requirements of the national e-commerce law, contract law, copyright law, data protection law and consumer protection law and also the relevant law of the European Union must be taken into account. We prepare, check and comment, and also amend general terms and conditions, privacy notices and other legal documents to be published on the website. We also provide legal advice on the design and operation of websites.<\/p>\n<p>[\/et_pb_text][\/et_pb_column][\/et_pb_row][et_pb_row column_structure=&#8221;2_5,3_5&#8243; make_equal=&#8221;on&#8221; module_id=&#8221;businesslaw&#8221; _builder_version=&#8221;4.17.6&#8243; _module_preset=&#8221;default&#8221; custom_margin=&#8221;||20px||false|false&#8221; custom_padding=&#8221;0px||0px||false|false&#8221; border_width_all=&#8221;1px&#8221; border_color_all=&#8221;#d8d8d8&#8243; global_colors_info=&#8221;{}&#8221; custom_css_main_element_last_edited=&#8221;off|desktop&#8221; custom_css_main_element__hover_enabled=&#8221;on|hover&#8221; custom_css_main_element__hover=&#8221;transform: scale(1.05);||transition: 300ms linear;||box-shadow: 6px 6px 18px 0px #d8d8d8;&#8221;][et_pb_column type=&#8221;2_5&#8243; _builder_version=&#8221;4.16&#8243; _module_preset=&#8221;default&#8221; background_image=&#8221;https:\/\/dmp.hu\/wp-content\/uploads\/2021\/12\/gazdasagi-jog.jpg&#8221; global_colors_info=&#8221;{}&#8221;][\/et_pb_column][et_pb_column type=&#8221;3_5&#8243; _builder_version=&#8221;4.16&#8243; _module_preset=&#8221;default&#8221; custom_padding=&#8221;2%|2%|2%||false|false&#8221; global_colors_info=&#8221;{}&#8221;][et_pb_text _builder_version=&#8221;4.17.6&#8243; _module_preset=&#8221;default&#8221; header_2_font=&#8221;|700||on|||||&#8221; header_2_text_align=&#8221;left&#8221; header_2_text_color=&#8221;#194179&#8243; header_2_font_size=&#8221;22px&#8221; header_2_letter_spacing=&#8221;1px&#8221; custom_margin=&#8221;||0px||false|false&#8221; header_2_font_size_tablet=&#8221;22px&#8221; header_2_font_size_phone=&#8221;20px&#8221; header_2_font_size_last_edited=&#8221;on|desktop&#8221; global_colors_info=&#8221;{}&#8221;]<\/p>\n<h2>Business law<\/h2>\n<p>[\/et_pb_text][et_pb_text _builder_version=&#8221;4.17.6&#8243; _module_preset=&#8221;default&#8221; text_orientation=&#8221;justified&#8221; global_colors_info=&#8221;{}&#8221;]<\/p>\n<p>We provide companies and institutions with legal advice on general business law issues and the preparation of documents, including drafting contracts. Regarding claims management, we strive to reach an agreement with the other party, but in the event of failure of an agreement, we initiate litigation or out-of-court proceedings with the assistance of our partners.<\/p>\n<p>[\/et_pb_text][\/et_pb_column][\/et_pb_row][\/et_pb_section]<\/p>\n","protected":false},"excerpt":{"rendered":"<p>Other Fields of PracticeAI complianceWe provide a wide range of complex legal support and guidance to organisations using or developing artificial intelligence. We aim to help our clients use and develop their AI systems safely and in compliance with the law. Our services include external expert support for AI compliance programs, the provision of AI [&hellip;]<\/p>\n","protected":false},"author":1,"featured_media":0,"parent":0,"menu_order":0,"comment_status":"closed","ping_status":"closed","template":"","meta":{"_et_pb_use_builder":"on","_et_pb_old_content":"","_et_gb_content_width":"","footnotes":""},"class_list":["post-749","page","type-page","status-publish","hentry"],"yoast_head":"<!-- This site is optimized with the Yoast SEO Premium plugin v27.0 (Yoast SEO v27.0) - https:\/\/yoast.com\/product\/yoast-seo-premium-wordpress\/ -->\n<title>Other Fields of Practice - dr. Mikl\u00f3s P\u00e9ter, GDPR lawyer<\/title>\n<meta name=\"description\" content=\"Other Fields of Practice: Labour law, Whistleblowing lawyer services, Internet law, Cyber law, Business law. dr. Mikl\u00f3s P\u00e9ter, GDPR lawyer\" \/>\n<meta name=\"robots\" content=\"index, follow, max-snippet:-1, max-image-preview:large, max-video-preview:-1\" \/>\n<link rel=\"canonical\" href=\"https:\/\/dmp.hu\/en\/other-fields-of-practice\/\" \/>\n<meta property=\"og:locale\" content=\"en_US\" \/>\n<meta property=\"og:type\" content=\"article\" \/>\n<meta property=\"og:title\" content=\"Other Fields of Practice\" \/>\n<meta property=\"og:description\" content=\"Other Fields of Practice: Labour law, Whistleblowing lawyer services, Internet law, Cyber law, Business law. dr. Mikl\u00f3s P\u00e9ter, GDPR lawyer\" \/>\n<meta property=\"og:url\" content=\"https:\/\/dmp.hu\/en\/other-fields-of-practice\/\" \/>\n<meta property=\"og:site_name\" content=\"dr. Mikl\u00f3s P\u00e9ter adatv\u00e9delmi jog\u00e1sz\" \/>\n<meta property=\"article:modified_time\" content=\"2025-02-26T21:57:44+00:00\" \/>\n<meta property=\"og:image\" content=\"https:\/\/dmp.hu\/wp-content\/uploads\/2021\/12\/DMP-og.jpg\" \/>\n\t<meta property=\"og:image:width\" content=\"1125\" \/>\n\t<meta property=\"og:image:height\" content=\"633\" \/>\n\t<meta property=\"og:image:type\" content=\"image\/jpeg\" \/>\n<meta name=\"twitter:card\" content=\"summary_large_image\" \/>\n<meta name=\"twitter:label1\" content=\"Est. reading time\" \/>\n\t<meta name=\"twitter:data1\" content=\"3 minutes\" \/>\n<script type=\"application\/ld+json\" class=\"yoast-schema-graph\">{\"@context\":\"https:\/\/schema.org\",\"@graph\":[{\"@type\":\"WebPage\",\"@id\":\"https:\/\/dmp.hu\/en\/other-fields-of-practice\/\",\"url\":\"https:\/\/dmp.hu\/en\/other-fields-of-practice\/\",\"name\":\"Other Fields of Practice - dr. Mikl\u00f3s P\u00e9ter, GDPR lawyer\",\"isPartOf\":{\"@id\":\"https:\/\/dmp.hu\/#website\"},\"datePublished\":\"2021-12-12T21:00:34+00:00\",\"dateModified\":\"2025-02-26T21:57:44+00:00\",\"description\":\"Other Fields of Practice: Labour law, Whistleblowing lawyer services, Internet law, Cyber law, Business law. dr. Mikl\u00f3s P\u00e9ter, GDPR lawyer\",\"breadcrumb\":{\"@id\":\"https:\/\/dmp.hu\/en\/other-fields-of-practice\/#breadcrumb\"},\"inLanguage\":\"en-US\",\"potentialAction\":[{\"@type\":\"ReadAction\",\"target\":[\"https:\/\/dmp.hu\/en\/other-fields-of-practice\/\"]}]},{\"@type\":\"BreadcrumbList\",\"@id\":\"https:\/\/dmp.hu\/en\/other-fields-of-practice\/#breadcrumb\",\"itemListElement\":[{\"@type\":\"ListItem\",\"position\":1,\"name\":\"Home\",\"item\":\"https:\/\/dmp.hu\/en\/\"},{\"@type\":\"ListItem\",\"position\":2,\"name\":\"Other Fields of Practice\"}]},{\"@type\":\"WebSite\",\"@id\":\"https:\/\/dmp.hu\/#website\",\"url\":\"https:\/\/dmp.hu\/\",\"name\":\"dr. Mikl\u00f3s P\u00e9ter adatv\u00e9delmi jog\u00e1sz\",\"description\":\"dr. Mikl\u00f3s P\u00e9ter adatv\u00e9delmi jog\u00e1sz\",\"potentialAction\":[{\"@type\":\"SearchAction\",\"target\":{\"@type\":\"EntryPoint\",\"urlTemplate\":\"https:\/\/dmp.hu\/?s={search_term_string}\"},\"query-input\":{\"@type\":\"PropertyValueSpecification\",\"valueRequired\":true,\"valueName\":\"search_term_string\"}}],\"inLanguage\":\"en-US\"}]}<\/script>\n<!-- \/ Yoast SEO Premium plugin. -->","yoast_head_json":{"title":"Other Fields of Practice - dr. Mikl\u00f3s P\u00e9ter, GDPR lawyer","description":"Other Fields of Practice: Labour law, Whistleblowing lawyer services, Internet law, Cyber law, Business law. dr. Mikl\u00f3s P\u00e9ter, GDPR lawyer","robots":{"index":"index","follow":"follow","max-snippet":"max-snippet:-1","max-image-preview":"max-image-preview:large","max-video-preview":"max-video-preview:-1"},"canonical":"https:\/\/dmp.hu\/en\/other-fields-of-practice\/","og_locale":"en_US","og_type":"article","og_title":"Other Fields of Practice","og_description":"Other Fields of Practice: Labour law, Whistleblowing lawyer services, Internet law, Cyber law, Business law. dr. Mikl\u00f3s P\u00e9ter, GDPR lawyer","og_url":"https:\/\/dmp.hu\/en\/other-fields-of-practice\/","og_site_name":"dr. Mikl\u00f3s P\u00e9ter adatv\u00e9delmi jog\u00e1sz","article_modified_time":"2025-02-26T21:57:44+00:00","og_image":[{"width":1125,"height":633,"url":"https:\/\/dmp.hu\/wp-content\/uploads\/2021\/12\/DMP-og.jpg","type":"image\/jpeg"}],"twitter_card":"summary_large_image","twitter_misc":{"Est. reading time":"3 minutes"},"schema":{"@context":"https:\/\/schema.org","@graph":[{"@type":"WebPage","@id":"https:\/\/dmp.hu\/en\/other-fields-of-practice\/","url":"https:\/\/dmp.hu\/en\/other-fields-of-practice\/","name":"Other Fields of Practice - dr. Mikl\u00f3s P\u00e9ter, GDPR lawyer","isPartOf":{"@id":"https:\/\/dmp.hu\/#website"},"datePublished":"2021-12-12T21:00:34+00:00","dateModified":"2025-02-26T21:57:44+00:00","description":"Other Fields of Practice: Labour law, Whistleblowing lawyer services, Internet law, Cyber law, Business law. dr. Mikl\u00f3s P\u00e9ter, GDPR lawyer","breadcrumb":{"@id":"https:\/\/dmp.hu\/en\/other-fields-of-practice\/#breadcrumb"},"inLanguage":"en-US","potentialAction":[{"@type":"ReadAction","target":["https:\/\/dmp.hu\/en\/other-fields-of-practice\/"]}]},{"@type":"BreadcrumbList","@id":"https:\/\/dmp.hu\/en\/other-fields-of-practice\/#breadcrumb","itemListElement":[{"@type":"ListItem","position":1,"name":"Home","item":"https:\/\/dmp.hu\/en\/"},{"@type":"ListItem","position":2,"name":"Other Fields of Practice"}]},{"@type":"WebSite","@id":"https:\/\/dmp.hu\/#website","url":"https:\/\/dmp.hu\/","name":"dr. Mikl\u00f3s P\u00e9ter adatv\u00e9delmi jog\u00e1sz","description":"dr. Mikl\u00f3s P\u00e9ter adatv\u00e9delmi jog\u00e1sz","potentialAction":[{"@type":"SearchAction","target":{"@type":"EntryPoint","urlTemplate":"https:\/\/dmp.hu\/?s={search_term_string}"},"query-input":{"@type":"PropertyValueSpecification","valueRequired":true,"valueName":"search_term_string"}}],"inLanguage":"en-US"}]}},"_links":{"self":[{"href":"https:\/\/dmp.hu\/en\/wp-json\/wp\/v2\/pages\/749","targetHints":{"allow":["GET"]}}],"collection":[{"href":"https:\/\/dmp.hu\/en\/wp-json\/wp\/v2\/pages"}],"about":[{"href":"https:\/\/dmp.hu\/en\/wp-json\/wp\/v2\/types\/page"}],"author":[{"embeddable":true,"href":"https:\/\/dmp.hu\/en\/wp-json\/wp\/v2\/users\/1"}],"replies":[{"embeddable":true,"href":"https:\/\/dmp.hu\/en\/wp-json\/wp\/v2\/comments?post=749"}],"version-history":[{"count":0,"href":"https:\/\/dmp.hu\/en\/wp-json\/wp\/v2\/pages\/749\/revisions"}],"wp:attachment":[{"href":"https:\/\/dmp.hu\/en\/wp-json\/wp\/v2\/media?parent=749"}],"curies":[{"name":"wp","href":"https:\/\/api.w.org\/{rel}","templated":true}]}}