{"id":759,"date":"2021-12-12T14:51:26","date_gmt":"2021-12-12T14:51:26","guid":{"rendered":"https:\/\/dmp.hu\/bemutatkozas\/"},"modified":"2025-12-29T19:06:06","modified_gmt":"2025-12-29T19:06:06","slug":"introduction","status":"publish","type":"page","link":"https:\/\/dmp.hu\/en\/introduction\/","title":{"rendered":"Dr. Mikl\u00f3s P\u00e9ter"},"content":{"rendered":"<p>[et_pb_section fb_built=&#8221;1&#8243; _builder_version=&#8221;4.16&#8243; _module_preset=&#8221;default&#8221; use_background_color_gradient=&#8221;on&#8221; background_color_gradient_direction=&#8221;-135deg&#8221; background_color_gradient_stops=&#8221;#56a8dd 0%|#194179 100%&#8221; background_color_gradient_start=&#8221;#56a8dd&#8221; background_color_gradient_end=&#8221;#194179&#8243; background_enable_video_mp4=&#8221;off&#8221; background_video_height=&#8221;800&#8243; custom_margin=&#8221;0px||0px||false|false&#8221; custom_padding=&#8221;0px||0px||false|false&#8221; global_colors_info=&#8221;{}&#8221;][et_pb_row use_custom_gutter=&#8221;on&#8221; gutter_width=&#8221;1&#8243; custom_padding_last_edited=&#8221;on|phone&#8221; _builder_version=&#8221;4.16&#8243; _module_preset=&#8221;default&#8221; background_enable_color=&#8221;off&#8221; width=&#8221;100%&#8221; max_width=&#8221;2560px&#8221; custom_margin=&#8221;0px||0px||false|false&#8221; custom_padding=&#8221;50px||50px||false|false&#8221; custom_padding_tablet=&#8221;50px||50px||false|false&#8221; custom_padding_phone=&#8221;50px||50px||false|false&#8221; animation_style=&#8221;fade&#8221; animation_direction=&#8221;left&#8221; global_colors_info=&#8221;{}&#8221;][et_pb_column type=&#8221;4_4&#8243; _builder_version=&#8221;4.16&#8243; _module_preset=&#8221;default&#8221; custom_padding=&#8221;|5%||5%|false|false&#8221; global_colors_info=&#8221;{}&#8221;][et_pb_text _builder_version=&#8221;4.17.6&#8243; _module_preset=&#8221;default&#8221; text_font=&#8221;Roboto|900||on|||||&#8221; text_text_color=&#8221;#FFFFFF&#8221; text_font_size=&#8221;40px&#8221; text_letter_spacing=&#8221;1px&#8221; text_line_height=&#8221;1.1em&#8221; header_font=&#8221;|800||on|||||&#8221; header_text_align=&#8221;center&#8221; header_text_color=&#8221;#FFFFFF&#8221; header_font_size=&#8221;40px&#8221; header_letter_spacing=&#8221;1px&#8221; header_line_height=&#8221;1.1em&#8221; text_orientation=&#8221;center&#8221; max_width=&#8221;800px&#8221; module_alignment=&#8221;center&#8221; animation_style=&#8221;fade&#8221; text_font_size_tablet=&#8221;26px&#8221; text_font_size_phone=&#8221;22px&#8221; text_font_size_last_edited=&#8221;on|phone&#8221; header_font_size_tablet=&#8221;26px&#8221; header_font_size_phone=&#8221;22px&#8221; header_font_size_last_edited=&#8221;on|phone&#8221; global_colors_info=&#8221;{}&#8221;]<\/p>\n<p>Introduction<\/p>\n<p>[\/et_pb_text][\/et_pb_column][\/et_pb_row][\/et_pb_section][et_pb_section fb_built=&#8221;1&#8243; _builder_version=&#8221;4.16&#8243; _module_preset=&#8221;default&#8221; background_enable_color=&#8221;off&#8221; global_colors_info=&#8221;{}&#8221;][et_pb_row column_structure=&#8221;1_3,2_3&#8243; make_equal=&#8221;on&#8221; _builder_version=&#8221;4.16&#8243; _module_preset=&#8221;default&#8221; global_colors_info=&#8221;{}&#8221;][et_pb_column type=&#8221;1_3&#8243; module_class=&#8221;vertical-align&#8221; _builder_version=&#8221;4.16&#8243; _module_preset=&#8221;default&#8221; global_colors_info=&#8221;{}&#8221;][et_pb_image src=&#8221;https:\/\/dmp.hu\/wp-content\/uploads\/2021\/12\/dr-Miklos-Peter-ugyved-adatvedelmi-jogasz-2.jpg&#8221; title_text=&#8221;dr Miklos Peter ugyved adatvedelmi jogasz 2&#8243; _builder_version=&#8221;4.24.1&#8243; _module_preset=&#8221;default&#8221; max_width=&#8221;100%&#8221; module_alignment=&#8221;center&#8221; animation_style=&#8221;fade&#8221; box_shadow_style=&#8221;preset2&#8243; global_colors_info=&#8221;{}&#8221;][\/et_pb_image][\/et_pb_column][et_pb_column type=&#8221;2_3&#8243; module_class=&#8221;vertical-align&#8221; _builder_version=&#8221;4.16&#8243; _module_preset=&#8221;default&#8221; global_colors_info=&#8221;{}&#8221;][et_pb_text _builder_version=&#8221;4.17.6&#8243; _module_preset=&#8221;default&#8221; text_font=&#8221;Roboto|900||on|||||&#8221; text_text_color=&#8221;#194179&#8243; text_font_size=&#8221;22px&#8221; text_letter_spacing=&#8221;1px&#8221; text_line_height=&#8221;1.4em&#8221; custom_margin=&#8221;||5px||false|false&#8221; global_colors_info=&#8221;{}&#8221;]<\/p>\n<p>dr. Mikl\u00f3s P\u00e9ter<\/p>\n<p>[\/et_pb_text][et_pb_text _builder_version=&#8221;4.24.1&#8243; _module_preset=&#8221;default&#8221; header_font=&#8221;|800|||||||&#8221; header_text_color=&#8221;#2d2d2d&#8221; header_font_size=&#8221;20px&#8221; custom_margin=&#8221;||22px||false|false&#8221; header_font_size_tablet=&#8221;20px&#8221; header_font_size_phone=&#8221;18px&#8221; header_font_size_last_edited=&#8221;on|desktop&#8221; global_colors_info=&#8221;{}&#8221;]<\/p>\n<h1>GDPR lawyer<\/h1>\n<p>[\/et_pb_text][et_pb_text _builder_version=&#8221;4.27.4&#8243; _module_preset=&#8221;default&#8221; text_orientation=&#8221;justified&#8221; hover_enabled=&#8221;0&#8243; global_colors_info=&#8221;{}&#8221; sticky_enabled=&#8221;0&#8243;]<\/p>\n<p>I started working independently in the field of <strong>privacy and cybersecurity law <\/strong>years before the General Data Protection Regulation (GDPR) became applicable. I consider it important to continuously develop my professional skills in order to be able to assist my clients in as many matters as possible, primarily in providing <strong>data protection officer services<\/strong>. My relevant qualifications:<\/p>\n<ul>\n<li>Lawyer Specialized in Infocommunication, LL.M.<\/li>\n<li>Information Security Internal Auditor<\/li>\n<li>Attorney at Law<\/li>\n<li>Certified AI lawyer with honors<\/li>\n<\/ul>\n<p>Thanks to a varied clientele base over the years, I have gained extensive experience in handling new as well as recurring assignments in the specific areas of my specialization and expertise field. I have been acting as <strong>data protection officer as a service<\/strong> for numerous companies and organizations over the past few years.<\/p>\n<p>I obtained a law degree at the Faculty of Law of E\u00f6tv\u00f6s L\u00f3r\u00e1nd University. I work in Hungarian and English languages.<\/p>\n<p>[\/et_pb_text][et_pb_social_media_follow _builder_version=&#8221;4.24.1&#8243; _module_preset=&#8221;default&#8221; locked=&#8221;off&#8221; global_colors_info=&#8221;{}&#8221;][et_pb_social_media_follow_network social_network=&#8221;linkedin&#8221; url=&#8221;https:\/\/www.linkedin.com\/in\/dr-miklos-peter\/&#8221; _builder_version=&#8221;4.24.1&#8243; _module_preset=&#8221;default&#8221; background_color=&#8221;#194179&#8243; background_enable_color=&#8221;on&#8221; global_colors_info=&#8221;{}&#8221; follow_button=&#8221;off&#8221; url_new_window=&#8221;on&#8221;]linkedin[\/et_pb_social_media_follow_network][\/et_pb_social_media_follow][\/et_pb_column][\/et_pb_row][\/et_pb_section]<\/p>\n","protected":false},"excerpt":{"rendered":"<p>Introductiondr. Mikl\u00f3s P\u00e9terGDPR lawyerI started working independently in the field of privacy and cybersecurity law years before the General Data Protection Regulation (GDPR) became applicable. I consider it important to continuously develop my professional skills in order to be able to assist my clients in as many matters as possible, primarily in providing data protection [&hellip;]<\/p>\n","protected":false},"author":1,"featured_media":0,"parent":0,"menu_order":0,"comment_status":"closed","ping_status":"closed","template":"","meta":{"_et_pb_use_builder":"on","_et_pb_old_content":"","_et_gb_content_width":"","footnotes":""},"class_list":["post-759","page","type-page","status-publish","hentry"],"yoast_head":"<!-- This site is optimized with the Yoast SEO Premium plugin v27.0 (Yoast SEO v27.0) - https:\/\/yoast.com\/product\/yoast-seo-premium-wordpress\/ -->\n<title>Introduction - dr. Mikl\u00f3s P\u00e9ter, GDPR lawyer, data protection lawyer<\/title>\n<meta name=\"description\" content=\"dr. Mikl\u00f3s P\u00e9ter - GDPR lawyer, data protection lawyer, privacy attorney, outsourced data protection officer, data protection specialist\" \/>\n<meta name=\"robots\" content=\"index, follow, max-snippet:-1, max-image-preview:large, max-video-preview:-1\" \/>\n<link rel=\"canonical\" href=\"https:\/\/dmp.hu\/en\/introduction\/\" \/>\n<meta property=\"og:locale\" content=\"en_US\" \/>\n<meta property=\"og:type\" content=\"article\" \/>\n<meta property=\"og:title\" content=\"Dr. Mikl\u00f3s P\u00e9ter\" \/>\n<meta property=\"og:description\" content=\"dr. Mikl\u00f3s P\u00e9ter - GDPR lawyer, data protection lawyer, privacy attorney, outsourced data protection officer, data protection specialist\" \/>\n<meta property=\"og:url\" content=\"https:\/\/dmp.hu\/en\/introduction\/\" \/>\n<meta property=\"og:site_name\" content=\"dr. Mikl\u00f3s P\u00e9ter adatv\u00e9delmi jog\u00e1sz\" \/>\n<meta property=\"article:modified_time\" content=\"2025-12-29T19:06:06+00:00\" \/>\n<meta property=\"og:image\" content=\"https:\/\/dmp.hu\/wp-content\/uploads\/2021\/12\/DMP-og.jpg\" \/>\n\t<meta property=\"og:image:width\" content=\"1125\" \/>\n\t<meta property=\"og:image:height\" content=\"633\" \/>\n\t<meta property=\"og:image:type\" content=\"image\/jpeg\" \/>\n<meta name=\"twitter:card\" content=\"summary_large_image\" \/>\n<meta name=\"twitter:label1\" content=\"Est. reading time\" \/>\n\t<meta name=\"twitter:data1\" content=\"2 minutes\" \/>\n<script type=\"application\/ld+json\" class=\"yoast-schema-graph\">{\"@context\":\"https:\/\/schema.org\",\"@graph\":[{\"@type\":\"WebPage\",\"@id\":\"https:\/\/dmp.hu\/en\/introduction\/\",\"url\":\"https:\/\/dmp.hu\/en\/introduction\/\",\"name\":\"Introduction - dr. Mikl\u00f3s P\u00e9ter, GDPR lawyer, data protection lawyer\",\"isPartOf\":{\"@id\":\"https:\/\/dmp.hu\/#website\"},\"datePublished\":\"2021-12-12T14:51:26+00:00\",\"dateModified\":\"2025-12-29T19:06:06+00:00\",\"description\":\"dr. Mikl\u00f3s P\u00e9ter - GDPR lawyer, data protection lawyer, privacy attorney, outsourced data protection officer, data protection specialist\",\"breadcrumb\":{\"@id\":\"https:\/\/dmp.hu\/en\/introduction\/#breadcrumb\"},\"inLanguage\":\"en-US\",\"potentialAction\":[{\"@type\":\"ReadAction\",\"target\":[\"https:\/\/dmp.hu\/en\/introduction\/\"]}]},{\"@type\":\"BreadcrumbList\",\"@id\":\"https:\/\/dmp.hu\/en\/introduction\/#breadcrumb\",\"itemListElement\":[{\"@type\":\"ListItem\",\"position\":1,\"name\":\"Home\",\"item\":\"https:\/\/dmp.hu\/en\/\"},{\"@type\":\"ListItem\",\"position\":2,\"name\":\"Dr. Mikl\u00f3s P\u00e9ter\"}]},{\"@type\":\"WebSite\",\"@id\":\"https:\/\/dmp.hu\/#website\",\"url\":\"https:\/\/dmp.hu\/\",\"name\":\"dr. Mikl\u00f3s P\u00e9ter adatv\u00e9delmi jog\u00e1sz\",\"description\":\"dr. Mikl\u00f3s P\u00e9ter adatv\u00e9delmi jog\u00e1sz\",\"potentialAction\":[{\"@type\":\"SearchAction\",\"target\":{\"@type\":\"EntryPoint\",\"urlTemplate\":\"https:\/\/dmp.hu\/?s={search_term_string}\"},\"query-input\":{\"@type\":\"PropertyValueSpecification\",\"valueRequired\":true,\"valueName\":\"search_term_string\"}}],\"inLanguage\":\"en-US\"}]}<\/script>\n<!-- \/ Yoast SEO Premium plugin. -->","yoast_head_json":{"title":"Introduction - dr. Mikl\u00f3s P\u00e9ter, GDPR lawyer, data protection lawyer","description":"dr. Mikl\u00f3s P\u00e9ter - GDPR lawyer, data protection lawyer, privacy attorney, outsourced data protection officer, data protection specialist","robots":{"index":"index","follow":"follow","max-snippet":"max-snippet:-1","max-image-preview":"max-image-preview:large","max-video-preview":"max-video-preview:-1"},"canonical":"https:\/\/dmp.hu\/en\/introduction\/","og_locale":"en_US","og_type":"article","og_title":"Dr. Mikl\u00f3s P\u00e9ter","og_description":"dr. Mikl\u00f3s P\u00e9ter - GDPR lawyer, data protection lawyer, privacy attorney, outsourced data protection officer, data protection specialist","og_url":"https:\/\/dmp.hu\/en\/introduction\/","og_site_name":"dr. Mikl\u00f3s P\u00e9ter adatv\u00e9delmi jog\u00e1sz","article_modified_time":"2025-12-29T19:06:06+00:00","og_image":[{"width":1125,"height":633,"url":"https:\/\/dmp.hu\/wp-content\/uploads\/2021\/12\/DMP-og.jpg","type":"image\/jpeg"}],"twitter_card":"summary_large_image","twitter_misc":{"Est. reading time":"2 minutes"},"schema":{"@context":"https:\/\/schema.org","@graph":[{"@type":"WebPage","@id":"https:\/\/dmp.hu\/en\/introduction\/","url":"https:\/\/dmp.hu\/en\/introduction\/","name":"Introduction - dr. Mikl\u00f3s P\u00e9ter, GDPR lawyer, data protection lawyer","isPartOf":{"@id":"https:\/\/dmp.hu\/#website"},"datePublished":"2021-12-12T14:51:26+00:00","dateModified":"2025-12-29T19:06:06+00:00","description":"dr. Mikl\u00f3s P\u00e9ter - GDPR lawyer, data protection lawyer, privacy attorney, outsourced data protection officer, data protection specialist","breadcrumb":{"@id":"https:\/\/dmp.hu\/en\/introduction\/#breadcrumb"},"inLanguage":"en-US","potentialAction":[{"@type":"ReadAction","target":["https:\/\/dmp.hu\/en\/introduction\/"]}]},{"@type":"BreadcrumbList","@id":"https:\/\/dmp.hu\/en\/introduction\/#breadcrumb","itemListElement":[{"@type":"ListItem","position":1,"name":"Home","item":"https:\/\/dmp.hu\/en\/"},{"@type":"ListItem","position":2,"name":"Dr. Mikl\u00f3s P\u00e9ter"}]},{"@type":"WebSite","@id":"https:\/\/dmp.hu\/#website","url":"https:\/\/dmp.hu\/","name":"dr. Mikl\u00f3s P\u00e9ter adatv\u00e9delmi jog\u00e1sz","description":"dr. Mikl\u00f3s P\u00e9ter adatv\u00e9delmi jog\u00e1sz","potentialAction":[{"@type":"SearchAction","target":{"@type":"EntryPoint","urlTemplate":"https:\/\/dmp.hu\/?s={search_term_string}"},"query-input":{"@type":"PropertyValueSpecification","valueRequired":true,"valueName":"search_term_string"}}],"inLanguage":"en-US"}]}},"_links":{"self":[{"href":"https:\/\/dmp.hu\/en\/wp-json\/wp\/v2\/pages\/759","targetHints":{"allow":["GET"]}}],"collection":[{"href":"https:\/\/dmp.hu\/en\/wp-json\/wp\/v2\/pages"}],"about":[{"href":"https:\/\/dmp.hu\/en\/wp-json\/wp\/v2\/types\/page"}],"author":[{"embeddable":true,"href":"https:\/\/dmp.hu\/en\/wp-json\/wp\/v2\/users\/1"}],"replies":[{"embeddable":true,"href":"https:\/\/dmp.hu\/en\/wp-json\/wp\/v2\/comments?post=759"}],"version-history":[{"count":1,"href":"https:\/\/dmp.hu\/en\/wp-json\/wp\/v2\/pages\/759\/revisions"}],"predecessor-version":[{"id":1841,"href":"https:\/\/dmp.hu\/en\/wp-json\/wp\/v2\/pages\/759\/revisions\/1841"}],"wp:attachment":[{"href":"https:\/\/dmp.hu\/en\/wp-json\/wp\/v2\/media?parent=759"}],"curies":[{"name":"wp","href":"https:\/\/api.w.org\/{rel}","templated":true}]}}