{"id":774,"date":"2021-12-22T12:50:38","date_gmt":"2021-12-22T12:50:38","guid":{"rendered":"https:\/\/dmp.hu\/impresszum\/"},"modified":"2026-02-16T12:54:14","modified_gmt":"2026-02-16T12:54:14","slug":"impressum","status":"publish","type":"page","link":"https:\/\/dmp.hu\/en\/impressum\/","title":{"rendered":"Impressum"},"content":{"rendered":"<p>[et_pb_section fb_built=&#8221;1&#8243; _builder_version=&#8221;4.16&#8243; _module_preset=&#8221;default&#8221; use_background_color_gradient=&#8221;on&#8221; background_color_gradient_direction=&#8221;-135deg&#8221; background_color_gradient_stops=&#8221;#56a8dd 0%|#194179 100%&#8221; background_color_gradient_start=&#8221;#56a8dd&#8221; background_color_gradient_end=&#8221;#194179&#8243; background_enable_video_mp4=&#8221;off&#8221; background_video_height=&#8221;800&#8243; custom_margin=&#8221;0px||0px||false|false&#8221; custom_padding=&#8221;0px||0px||false|false&#8221; global_colors_info=&#8221;{}&#8221;][et_pb_row use_custom_gutter=&#8221;on&#8221; gutter_width=&#8221;1&#8243; custom_padding_last_edited=&#8221;on|phone&#8221; _builder_version=&#8221;4.16&#8243; _module_preset=&#8221;default&#8221; background_enable_color=&#8221;off&#8221; width=&#8221;100%&#8221; max_width=&#8221;2560px&#8221; custom_margin=&#8221;0px||0px||false|false&#8221; custom_padding=&#8221;50px||50px||false|false&#8221; custom_padding_tablet=&#8221;50px||50px||false|false&#8221; custom_padding_phone=&#8221;50px||50px||false|false&#8221; animation_style=&#8221;fade&#8221; animation_direction=&#8221;left&#8221; global_colors_info=&#8221;{}&#8221;][et_pb_column type=&#8221;4_4&#8243; _builder_version=&#8221;4.16&#8243; _module_preset=&#8221;default&#8221; custom_padding=&#8221;|5%||5%|false|false&#8221; global_colors_info=&#8221;{}&#8221;][et_pb_text _builder_version=&#8221;4.17.6&#8243; _module_preset=&#8221;default&#8221; text_font=&#8221;Roboto|900||on|||||&#8221; text_text_color=&#8221;#FFFFFF&#8221; text_font_size=&#8221;40px&#8221; text_letter_spacing=&#8221;1px&#8221; text_line_height=&#8221;1.1em&#8221; header_font=&#8221;|800||on|||||&#8221; header_text_align=&#8221;center&#8221; header_text_color=&#8221;#FFFFFF&#8221; header_font_size=&#8221;40px&#8221; header_letter_spacing=&#8221;1px&#8221; header_line_height=&#8221;1.1em&#8221; text_orientation=&#8221;center&#8221; max_width=&#8221;800px&#8221; module_alignment=&#8221;center&#8221; animation_style=&#8221;fade&#8221; text_font_size_tablet=&#8221;26px&#8221; text_font_size_phone=&#8221;22px&#8221; text_font_size_last_edited=&#8221;on|phone&#8221; header_font_size_tablet=&#8221;26px&#8221; header_font_size_phone=&#8221;22px&#8221; header_font_size_last_edited=&#8221;on|phone&#8221; global_colors_info=&#8221;{}&#8221;]Impressum[\/et_pb_text][\/et_pb_column][\/et_pb_row][\/et_pb_section][et_pb_section fb_built=&#8221;1&#8243; _builder_version=&#8221;4.16&#8243; _module_preset=&#8221;default&#8221; background_enable_color=&#8221;off&#8221; global_colors_info=&#8221;{}&#8221;][et_pb_row _builder_version=&#8221;4.16&#8243; _module_preset=&#8221;default&#8221; global_colors_info=&#8221;{}&#8221;][et_pb_column type=&#8221;4_4&#8243; _builder_version=&#8221;4.16&#8243; _module_preset=&#8221;default&#8221; global_colors_info=&#8221;{}&#8221;][et_pb_text _builder_version=&#8221;4.27.4&#8243; _module_preset=&#8221;default&#8221; hover_enabled=&#8221;0&#8243; global_colors_info=&#8221;{}&#8221; sticky_enabled=&#8221;0&#8243;]<\/p>\n<p><a href=\"https:\/\/dmp.hu\/en\/\"><\/a>This website is maintained by Dr. Mikl\u00f3s P\u00e9ter \u00c1kos, attorney at law registered in the Budapest Bar Association (registered office: 1117 Budapest, V\u00f6lgycsillag utca 4., 6. emelet 02. a., tax number: 42982117-2-41, Bar ID number: 36079442) in accordance with the laws and internal regulations applicable to lawyers, which, together with information on client rights, is accessible at <a href=\"http:\/\/www.magyarugyvedikamara.hu\">www.magyarugyvedikamara.hu<\/a>.<\/p>\n<p>Name: Dr. Mikl\u00f3s P\u00e9ter \u00c1kos attorney at law<br \/>Registered office: 1117 Budapest, V\u00f6lgycsillag utca 4., 6. emelet 02. a.<br \/>Tax number: 42982117-2-41<br \/>BAR ID number: 36079442<br \/>Email address: <a href=\"mailto:dmp@dmp.hu\">dmp@dmp.hu<\/a><br \/>Phone number: +36306485521<br \/>Website availability: <a href=\"https:\/\/dmp.hu\/en\/\">https:\/\/dmp.hu\/en\/<\/a><br \/>Data relating to the hosting provider: 23VNET Kft. (registered office: 1094 Budapest, Liliom u. 24-26. II\/5., info@hostit.hu)<\/p>\n<p>&nbsp;<\/p>\n<p>[\/et_pb_text][\/et_pb_column][\/et_pb_row][\/et_pb_section]<\/p>\n","protected":false},"excerpt":{"rendered":"<p>ImpressumThis website is maintained by Dr. Mikl\u00f3s P\u00e9ter \u00c1kos, attorney at law registered in the Budapest Bar Association (registered office: 1117 Budapest, V\u00f6lgycsillag utca 4., 6. emelet 02. a., tax number: 42982117-2-41, Bar ID number: 36079442) in accordance with the laws and internal regulations applicable to lawyers, which, together with information on client rights, is [&hellip;]<\/p>\n","protected":false},"author":1,"featured_media":0,"parent":0,"menu_order":0,"comment_status":"closed","ping_status":"closed","template":"","meta":{"_et_pb_use_builder":"on","_et_pb_old_content":"","_et_gb_content_width":"","footnotes":""},"class_list":["post-774","page","type-page","status-publish","hentry"],"yoast_head":"<!-- This site is optimized with the Yoast SEO Premium plugin v27.0 (Yoast SEO v27.0) - https:\/\/yoast.com\/product\/yoast-seo-premium-wordpress\/ -->\n<title>Impressum - GDPR lawyer, data protection lawyer Hungary<\/title>\n<meta name=\"description\" content=\"Dr. Mikl\u00f3s P\u00e9ter - GDPR lawyer, data protection lawyer. Data protection services, DPO services, privacy attorney, GDPR audit, GDPR expert\" \/>\n<meta name=\"robots\" content=\"index, follow, max-snippet:-1, max-image-preview:large, max-video-preview:-1\" \/>\n<link rel=\"canonical\" href=\"https:\/\/dmp.hu\/impresszum\/\" \/>\n<meta property=\"og:locale\" content=\"en_US\" \/>\n<meta property=\"og:type\" content=\"article\" \/>\n<meta property=\"og:title\" content=\"Impressum\" \/>\n<meta property=\"og:description\" content=\"Dr. Mikl\u00f3s P\u00e9ter - GDPR lawyer, data protection lawyer. Data protection services, DPO services, privacy attorney, GDPR audit, GDPR expert\" \/>\n<meta property=\"og:url\" content=\"https:\/\/dmp.hu\/impresszum\/\" \/>\n<meta property=\"og:site_name\" content=\"dr. Mikl\u00f3s P\u00e9ter adatv\u00e9delmi jog\u00e1sz\" \/>\n<meta property=\"article:modified_time\" content=\"2026-02-16T12:54:14+00:00\" \/>\n<meta property=\"og:image\" content=\"https:\/\/dmp.hu\/wp-content\/uploads\/2021\/12\/DMP-og.jpg\" \/>\n\t<meta property=\"og:image:width\" content=\"1125\" \/>\n\t<meta property=\"og:image:height\" content=\"633\" \/>\n\t<meta property=\"og:image:type\" content=\"image\/jpeg\" \/>\n<meta name=\"twitter:card\" content=\"summary_large_image\" \/>\n<meta name=\"twitter:label1\" content=\"Est. reading time\" \/>\n\t<meta name=\"twitter:data1\" content=\"1 minute\" \/>\n<script type=\"application\/ld+json\" class=\"yoast-schema-graph\">{\"@context\":\"https:\/\/schema.org\",\"@graph\":[{\"@type\":\"WebPage\",\"@id\":\"https:\/\/dmp.hu\/impresszum\/\",\"url\":\"https:\/\/dmp.hu\/impresszum\/\",\"name\":\"Impressum - GDPR lawyer, data protection lawyer Hungary\",\"isPartOf\":{\"@id\":\"https:\/\/dmp.hu\/#website\"},\"datePublished\":\"2021-12-22T12:50:38+00:00\",\"dateModified\":\"2026-02-16T12:54:14+00:00\",\"description\":\"Dr. Mikl\u00f3s P\u00e9ter - GDPR lawyer, data protection lawyer. Data protection services, DPO services, privacy attorney, GDPR audit, GDPR expert\",\"breadcrumb\":{\"@id\":\"https:\/\/dmp.hu\/impresszum\/#breadcrumb\"},\"inLanguage\":\"en-US\",\"potentialAction\":[{\"@type\":\"ReadAction\",\"target\":[\"https:\/\/dmp.hu\/impresszum\/\"]}]},{\"@type\":\"BreadcrumbList\",\"@id\":\"https:\/\/dmp.hu\/impresszum\/#breadcrumb\",\"itemListElement\":[{\"@type\":\"ListItem\",\"position\":1,\"name\":\"Home\",\"item\":\"https:\/\/dmp.hu\/en\/\"},{\"@type\":\"ListItem\",\"position\":2,\"name\":\"Impressum\"}]},{\"@type\":\"WebSite\",\"@id\":\"https:\/\/dmp.hu\/#website\",\"url\":\"https:\/\/dmp.hu\/\",\"name\":\"dr. Mikl\u00f3s P\u00e9ter adatv\u00e9delmi jog\u00e1sz\",\"description\":\"dr. Mikl\u00f3s P\u00e9ter adatv\u00e9delmi jog\u00e1sz\",\"potentialAction\":[{\"@type\":\"SearchAction\",\"target\":{\"@type\":\"EntryPoint\",\"urlTemplate\":\"https:\/\/dmp.hu\/?s={search_term_string}\"},\"query-input\":{\"@type\":\"PropertyValueSpecification\",\"valueRequired\":true,\"valueName\":\"search_term_string\"}}],\"inLanguage\":\"en-US\"}]}<\/script>\n<!-- \/ Yoast SEO Premium plugin. -->","yoast_head_json":{"title":"Impressum - GDPR lawyer, data protection lawyer Hungary","description":"Dr. Mikl\u00f3s P\u00e9ter - GDPR lawyer, data protection lawyer. Data protection services, DPO services, privacy attorney, GDPR audit, GDPR expert","robots":{"index":"index","follow":"follow","max-snippet":"max-snippet:-1","max-image-preview":"max-image-preview:large","max-video-preview":"max-video-preview:-1"},"canonical":"https:\/\/dmp.hu\/impresszum\/","og_locale":"en_US","og_type":"article","og_title":"Impressum","og_description":"Dr. Mikl\u00f3s P\u00e9ter - GDPR lawyer, data protection lawyer. Data protection services, DPO services, privacy attorney, GDPR audit, GDPR expert","og_url":"https:\/\/dmp.hu\/impresszum\/","og_site_name":"dr. Mikl\u00f3s P\u00e9ter adatv\u00e9delmi jog\u00e1sz","article_modified_time":"2026-02-16T12:54:14+00:00","og_image":[{"width":1125,"height":633,"url":"https:\/\/dmp.hu\/wp-content\/uploads\/2021\/12\/DMP-og.jpg","type":"image\/jpeg"}],"twitter_card":"summary_large_image","twitter_misc":{"Est. reading time":"1 minute"},"schema":{"@context":"https:\/\/schema.org","@graph":[{"@type":"WebPage","@id":"https:\/\/dmp.hu\/impresszum\/","url":"https:\/\/dmp.hu\/impresszum\/","name":"Impressum - GDPR lawyer, data protection lawyer Hungary","isPartOf":{"@id":"https:\/\/dmp.hu\/#website"},"datePublished":"2021-12-22T12:50:38+00:00","dateModified":"2026-02-16T12:54:14+00:00","description":"Dr. Mikl\u00f3s P\u00e9ter - GDPR lawyer, data protection lawyer. Data protection services, DPO services, privacy attorney, GDPR audit, GDPR expert","breadcrumb":{"@id":"https:\/\/dmp.hu\/impresszum\/#breadcrumb"},"inLanguage":"en-US","potentialAction":[{"@type":"ReadAction","target":["https:\/\/dmp.hu\/impresszum\/"]}]},{"@type":"BreadcrumbList","@id":"https:\/\/dmp.hu\/impresszum\/#breadcrumb","itemListElement":[{"@type":"ListItem","position":1,"name":"Home","item":"https:\/\/dmp.hu\/en\/"},{"@type":"ListItem","position":2,"name":"Impressum"}]},{"@type":"WebSite","@id":"https:\/\/dmp.hu\/#website","url":"https:\/\/dmp.hu\/","name":"dr. Mikl\u00f3s P\u00e9ter adatv\u00e9delmi jog\u00e1sz","description":"dr. Mikl\u00f3s P\u00e9ter adatv\u00e9delmi jog\u00e1sz","potentialAction":[{"@type":"SearchAction","target":{"@type":"EntryPoint","urlTemplate":"https:\/\/dmp.hu\/?s={search_term_string}"},"query-input":{"@type":"PropertyValueSpecification","valueRequired":true,"valueName":"search_term_string"}}],"inLanguage":"en-US"}]}},"_links":{"self":[{"href":"https:\/\/dmp.hu\/en\/wp-json\/wp\/v2\/pages\/774","targetHints":{"allow":["GET"]}}],"collection":[{"href":"https:\/\/dmp.hu\/en\/wp-json\/wp\/v2\/pages"}],"about":[{"href":"https:\/\/dmp.hu\/en\/wp-json\/wp\/v2\/types\/page"}],"author":[{"embeddable":true,"href":"https:\/\/dmp.hu\/en\/wp-json\/wp\/v2\/users\/1"}],"replies":[{"embeddable":true,"href":"https:\/\/dmp.hu\/en\/wp-json\/wp\/v2\/comments?post=774"}],"version-history":[{"count":2,"href":"https:\/\/dmp.hu\/en\/wp-json\/wp\/v2\/pages\/774\/revisions"}],"predecessor-version":[{"id":1903,"href":"https:\/\/dmp.hu\/en\/wp-json\/wp\/v2\/pages\/774\/revisions\/1903"}],"wp:attachment":[{"href":"https:\/\/dmp.hu\/en\/wp-json\/wp\/v2\/media?parent=774"}],"curies":[{"name":"wp","href":"https:\/\/api.w.org\/{rel}","templated":true}]}}