{"id":786,"date":"2021-12-10T21:24:48","date_gmt":"2021-12-10T21:24:48","guid":{"rendered":"https:\/\/dmp.hu\/adatvedelem-blog\/"},"modified":"2022-10-03T09:32:51","modified_gmt":"2022-10-03T09:32:51","slug":"data-privacy-blog","status":"publish","type":"page","link":"https:\/\/dmp.hu\/en\/data-privacy-blog\/","title":{"rendered":"Data Privacy Blog"},"content":{"rendered":"<p>[et_pb_section fb_built=&#8221;1&#8243; _builder_version=&#8221;4.16&#8243; _module_preset=&#8221;default&#8221; use_background_color_gradient=&#8221;on&#8221; background_color_gradient_direction=&#8221;-135deg&#8221; background_color_gradient_stops=&#8221;#56a8dd 0%|#194179 100%&#8221; background_color_gradient_start=&#8221;#56a8dd&#8221; background_color_gradient_end=&#8221;#194179&#8243; background_enable_video_mp4=&#8221;off&#8221; background_video_height=&#8221;800&#8243; custom_margin=&#8221;0px||0px||false|false&#8221; custom_padding=&#8221;0px||0px||false|false&#8221; global_colors_info=&#8221;{}&#8221;][et_pb_row use_custom_gutter=&#8221;on&#8221; gutter_width=&#8221;1&#8243; custom_padding_last_edited=&#8221;on|phone&#8221; _builder_version=&#8221;4.16&#8243; _module_preset=&#8221;default&#8221; background_enable_color=&#8221;off&#8221; width=&#8221;100%&#8221; max_width=&#8221;2560px&#8221; custom_margin=&#8221;0px||0px||false|false&#8221; custom_padding=&#8221;50px||50px||false|false&#8221; custom_padding_tablet=&#8221;50px||50px||false|false&#8221; custom_padding_phone=&#8221;50px||50px||false|false&#8221; animation_style=&#8221;fade&#8221; animation_direction=&#8221;left&#8221; global_colors_info=&#8221;{}&#8221;][et_pb_column type=&#8221;4_4&#8243; _builder_version=&#8221;4.16&#8243; _module_preset=&#8221;default&#8221; custom_padding=&#8221;|5%||5%|false|false&#8221; global_colors_info=&#8221;{}&#8221;][et_pb_text _builder_version=&#8221;4.17.6&#8243; _module_preset=&#8221;default&#8221; header_font=&#8221;|800||on|||||&#8221; header_text_align=&#8221;center&#8221; header_text_color=&#8221;#FFFFFF&#8221; header_font_size=&#8221;40px&#8221; header_letter_spacing=&#8221;1px&#8221; header_line_height=&#8221;1.1em&#8221; max_width=&#8221;800px&#8221; module_alignment=&#8221;center&#8221; animation_style=&#8221;fade&#8221; header_font_size_tablet=&#8221;26px&#8221; header_font_size_phone=&#8221;22px&#8221; header_font_size_last_edited=&#8221;on|phone&#8221; global_colors_info=&#8221;{}&#8221;]<\/p>\n<h1>Data Privacy Blog<\/h1>\n<p>[\/et_pb_text][\/et_pb_column][\/et_pb_row][\/et_pb_section][et_pb_section fb_built=&#8221;1&#8243; _builder_version=&#8221;4.16&#8243; _module_preset=&#8221;default&#8221; global_colors_info=&#8221;{}&#8221;][et_pb_row column_structure=&#8221;3_4,1_4&#8243; admin_label=&#8221;Sor&#8221; _builder_version=&#8221;4.16&#8243; _module_preset=&#8221;default&#8221; global_colors_info=&#8221;{}&#8221;][et_pb_column type=&#8221;3_4&#8243; _builder_version=&#8221;4.16&#8243; _module_preset=&#8221;default&#8221; global_colors_info=&#8221;{}&#8221;][et_pb_blog meta_date=&#8221;Y. F j.&#8221; show_more=&#8221;on&#8221; show_author=&#8221;off&#8221; show_categories=&#8221;off&#8221; module_class=&#8221;dtb-blog&#8221; _builder_version=&#8221;4.16&#8243; _module_preset=&#8221;default&#8221; meta_font_size=&#8221;12px&#8221; background_color=&#8221;#FFFFFF&#8221; global_colors_info=&#8221;{}&#8221;][\/et_pb_blog][\/et_pb_column][et_pb_column type=&#8221;1_4&#8243; _builder_version=&#8221;4.16&#8243; _module_preset=&#8221;default&#8221; global_colors_info=&#8221;{}&#8221;][et_pb_sidebar orientation=&#8221;right&#8221; _builder_version=&#8221;4.17.6&#8243; _module_preset=&#8221;default&#8221; header_font=&#8221;|700||on|||||&#8221; global_colors_info=&#8221;{}&#8221;][\/et_pb_sidebar][\/et_pb_column][\/et_pb_row][\/et_pb_section]<\/p>\n","protected":false},"excerpt":{"rendered":"<p>Data Privacy Blog<\/p>\n","protected":false},"author":1,"featured_media":0,"parent":0,"menu_order":0,"comment_status":"closed","ping_status":"closed","template":"","meta":{"_et_pb_use_builder":"on","_et_pb_old_content":"","_et_gb_content_width":"","footnotes":""},"class_list":["post-786","page","type-page","status-publish","hentry"],"yoast_head":"<!-- This site is optimized with the Yoast SEO Premium plugin v27.0 (Yoast SEO v27.0) - https:\/\/yoast.com\/product\/yoast-seo-premium-wordpress\/ -->\n<title>Data privacy blog - GDPR lawyer, data protection lawyer<\/title>\n<meta name=\"description\" content=\"GDPR, data protection lawyer, GDPR expert, GDPR audit, DPO services, outsourced data protection officer, GDPR consultancy\" \/>\n<meta name=\"robots\" content=\"index, follow, max-snippet:-1, max-image-preview:large, max-video-preview:-1\" \/>\n<link rel=\"canonical\" href=\"https:\/\/dmp.hu\/en\/data-privacy-blog\/\" \/>\n<meta property=\"og:locale\" content=\"en_US\" \/>\n<meta property=\"og:type\" content=\"article\" \/>\n<meta property=\"og:title\" content=\"Data Privacy Blog\" \/>\n<meta property=\"og:description\" content=\"GDPR, data protection lawyer, GDPR expert, GDPR audit, DPO services, outsourced data protection officer, GDPR consultancy\" \/>\n<meta property=\"og:url\" content=\"https:\/\/dmp.hu\/en\/data-privacy-blog\/\" \/>\n<meta property=\"og:site_name\" content=\"dr. Mikl\u00f3s P\u00e9ter adatv\u00e9delmi jog\u00e1sz\" \/>\n<meta property=\"article:modified_time\" content=\"2022-10-03T09:32:51+00:00\" \/>\n<meta property=\"og:image\" content=\"https:\/\/dmp.hu\/wp-content\/uploads\/2021\/12\/DMP-og.jpg\" \/>\n\t<meta property=\"og:image:width\" content=\"1125\" \/>\n\t<meta property=\"og:image:height\" content=\"633\" \/>\n\t<meta property=\"og:image:type\" content=\"image\/jpeg\" \/>\n<meta name=\"twitter:card\" content=\"summary_large_image\" \/>\n<meta name=\"twitter:label1\" content=\"Est. reading time\" \/>\n\t<meta name=\"twitter:data1\" content=\"1 minute\" \/>\n<script type=\"application\/ld+json\" class=\"yoast-schema-graph\">{\"@context\":\"https:\/\/schema.org\",\"@graph\":[{\"@type\":\"WebPage\",\"@id\":\"https:\/\/dmp.hu\/en\/data-privacy-blog\/\",\"url\":\"https:\/\/dmp.hu\/en\/data-privacy-blog\/\",\"name\":\"Data privacy blog - GDPR lawyer, data protection lawyer\",\"isPartOf\":{\"@id\":\"https:\/\/dmp.hu\/#website\"},\"datePublished\":\"2021-12-10T21:24:48+00:00\",\"dateModified\":\"2022-10-03T09:32:51+00:00\",\"description\":\"GDPR, data protection lawyer, GDPR expert, GDPR audit, DPO services, outsourced data protection officer, GDPR consultancy\",\"breadcrumb\":{\"@id\":\"https:\/\/dmp.hu\/en\/data-privacy-blog\/#breadcrumb\"},\"inLanguage\":\"en-US\",\"potentialAction\":[{\"@type\":\"ReadAction\",\"target\":[\"https:\/\/dmp.hu\/en\/data-privacy-blog\/\"]}]},{\"@type\":\"BreadcrumbList\",\"@id\":\"https:\/\/dmp.hu\/en\/data-privacy-blog\/#breadcrumb\",\"itemListElement\":[{\"@type\":\"ListItem\",\"position\":1,\"name\":\"Home\",\"item\":\"https:\/\/dmp.hu\/en\/\"},{\"@type\":\"ListItem\",\"position\":2,\"name\":\"Data Privacy Blog\"}]},{\"@type\":\"WebSite\",\"@id\":\"https:\/\/dmp.hu\/#website\",\"url\":\"https:\/\/dmp.hu\/\",\"name\":\"dr. Mikl\u00f3s P\u00e9ter adatv\u00e9delmi jog\u00e1sz\",\"description\":\"dr. Mikl\u00f3s P\u00e9ter adatv\u00e9delmi jog\u00e1sz\",\"potentialAction\":[{\"@type\":\"SearchAction\",\"target\":{\"@type\":\"EntryPoint\",\"urlTemplate\":\"https:\/\/dmp.hu\/?s={search_term_string}\"},\"query-input\":{\"@type\":\"PropertyValueSpecification\",\"valueRequired\":true,\"valueName\":\"search_term_string\"}}],\"inLanguage\":\"en-US\"}]}<\/script>\n<!-- \/ Yoast SEO Premium plugin. -->","yoast_head_json":{"title":"Data privacy blog - GDPR lawyer, data protection lawyer","description":"GDPR, data protection lawyer, GDPR expert, GDPR audit, DPO services, outsourced data protection officer, GDPR consultancy","robots":{"index":"index","follow":"follow","max-snippet":"max-snippet:-1","max-image-preview":"max-image-preview:large","max-video-preview":"max-video-preview:-1"},"canonical":"https:\/\/dmp.hu\/en\/data-privacy-blog\/","og_locale":"en_US","og_type":"article","og_title":"Data Privacy Blog","og_description":"GDPR, data protection lawyer, GDPR expert, GDPR audit, DPO services, outsourced data protection officer, GDPR consultancy","og_url":"https:\/\/dmp.hu\/en\/data-privacy-blog\/","og_site_name":"dr. Mikl\u00f3s P\u00e9ter adatv\u00e9delmi jog\u00e1sz","article_modified_time":"2022-10-03T09:32:51+00:00","og_image":[{"width":1125,"height":633,"url":"https:\/\/dmp.hu\/wp-content\/uploads\/2021\/12\/DMP-og.jpg","type":"image\/jpeg"}],"twitter_card":"summary_large_image","twitter_misc":{"Est. reading time":"1 minute"},"schema":{"@context":"https:\/\/schema.org","@graph":[{"@type":"WebPage","@id":"https:\/\/dmp.hu\/en\/data-privacy-blog\/","url":"https:\/\/dmp.hu\/en\/data-privacy-blog\/","name":"Data privacy blog - GDPR lawyer, data protection lawyer","isPartOf":{"@id":"https:\/\/dmp.hu\/#website"},"datePublished":"2021-12-10T21:24:48+00:00","dateModified":"2022-10-03T09:32:51+00:00","description":"GDPR, data protection lawyer, GDPR expert, GDPR audit, DPO services, outsourced data protection officer, GDPR consultancy","breadcrumb":{"@id":"https:\/\/dmp.hu\/en\/data-privacy-blog\/#breadcrumb"},"inLanguage":"en-US","potentialAction":[{"@type":"ReadAction","target":["https:\/\/dmp.hu\/en\/data-privacy-blog\/"]}]},{"@type":"BreadcrumbList","@id":"https:\/\/dmp.hu\/en\/data-privacy-blog\/#breadcrumb","itemListElement":[{"@type":"ListItem","position":1,"name":"Home","item":"https:\/\/dmp.hu\/en\/"},{"@type":"ListItem","position":2,"name":"Data Privacy Blog"}]},{"@type":"WebSite","@id":"https:\/\/dmp.hu\/#website","url":"https:\/\/dmp.hu\/","name":"dr. Mikl\u00f3s P\u00e9ter adatv\u00e9delmi jog\u00e1sz","description":"dr. Mikl\u00f3s P\u00e9ter adatv\u00e9delmi jog\u00e1sz","potentialAction":[{"@type":"SearchAction","target":{"@type":"EntryPoint","urlTemplate":"https:\/\/dmp.hu\/?s={search_term_string}"},"query-input":{"@type":"PropertyValueSpecification","valueRequired":true,"valueName":"search_term_string"}}],"inLanguage":"en-US"}]}},"_links":{"self":[{"href":"https:\/\/dmp.hu\/en\/wp-json\/wp\/v2\/pages\/786","targetHints":{"allow":["GET"]}}],"collection":[{"href":"https:\/\/dmp.hu\/en\/wp-json\/wp\/v2\/pages"}],"about":[{"href":"https:\/\/dmp.hu\/en\/wp-json\/wp\/v2\/types\/page"}],"author":[{"embeddable":true,"href":"https:\/\/dmp.hu\/en\/wp-json\/wp\/v2\/users\/1"}],"replies":[{"embeddable":true,"href":"https:\/\/dmp.hu\/en\/wp-json\/wp\/v2\/comments?post=786"}],"version-history":[{"count":0,"href":"https:\/\/dmp.hu\/en\/wp-json\/wp\/v2\/pages\/786\/revisions"}],"wp:attachment":[{"href":"https:\/\/dmp.hu\/en\/wp-json\/wp\/v2\/media?parent=786"}],"curies":[{"name":"wp","href":"https:\/\/api.w.org\/{rel}","templated":true}]}}